{"id":4809,"date":"2020-07-28T22:55:49","date_gmt":"2020-07-29T05:55:49","guid":{"rendered":"https:\/\/electpeterabbarno.com\/sobre-peter\/"},"modified":"2026-03-21T07:31:55","modified_gmt":"2026-03-21T14:31:55","slug":"sobre-peter","status":"publish","type":"page","link":"https:\/\/electpeterabbarno.com\/es\/sobre-peter\/","title":{"rendered":"Sobre Peter"},"content":{"rendered":"<p>[et_pb_section fb_built=\u00bb1&#8243; _builder_version=\u00bb4.16&#8243; _module_preset=\u00bbdefault\u00bb custom_padding=\u00bb20px|||||\u00bb global_colors_info=\u00bb{}\u00bb][et_pb_row _builder_version=\u00bb4.16&#8243; _module_preset=\u00bbdefault\u00bb min_height=\u00bb346px\u00bb custom_padding=\u00bb6px||20px|||\u00bb global_colors_info=\u00bb{}\u00bb][et_pb_column type=\u00bb4_4&#8243; _builder_version=\u00bb4.16&#8243; _module_preset=\u00bbdefault\u00bb global_colors_info=\u00bb{}\u00bb][et_pb_text _builder_version=\u00bb4.27.4&#8243; _module_preset=\u00bbdefault\u00bb hover_enabled=\u00bb0&#8243; sticky_enabled=\u00bb0&#8243;]<\/p>\n<h3>Sobre<strong> Peter<\/strong><\/h3>\n<p>Peter Abbarno es propietario de una peque\u00f1a empresa y abogado de Althauser Rayan Abbarno, LLP, representante del distrito legislativo 20 del estado de Washington; pero lo m\u00e1s importante es que Peter es marido y padre. Peter vive en Centralia con su esposa Holly (Hawes), profesora de matem\u00e1ticas en la Escuela Media de Centralia, y sus dos hijos. <\/p>\n<p>En 2020, Peter se present\u00f3 a Representante Estatal en el 20\u00ba Distrito Legislativo para cubrir la vacante del veterano legislador Richard DeBolt y gan\u00f3 el esca\u00f1o con m\u00e1s del 71% de los votos. Peter ocupa el puesto de Miembro Asistente de Rango en el Comit\u00e9 de Presupuesto de Capital de la C\u00e1mara de Representantes, y forma parte del Comit\u00e9 de Medio Ambiente y Energ\u00eda y del Comit\u00e9 de Derechos Civiles y Judiciales. <\/p>\n<p>En 2024, Peter fue elegido Presidente del Grupo Republicano de la C\u00e1mara de Representantes.<\/p>\n<p>Peter est\u00e1 muy implicado en nuestra comunidad. En 2012, Peter fue nombrado uno de los 20 mejores profesionales menores de 40 a\u00f1os del condado de Lewis. En 2015, Peter fue elegido con \u00e9xito para el Ayuntamiento de Centralia, reelegido para el Ayuntamiento de Centralia en 2019, y votado Alcalde Pro-Tem en 2020.<\/p>\n<p>En 2018, 2020 y 2021-2023, los lectores del Daily Chronicle votaron a Peter como el <strong>\u00abMejor Voluntario<\/strong> \u00bb del condado de Lewis.<\/p>\n<p>En 2018 y 2021-2025, Peter fue nombrado <strong>\u00abMejor Funcionario Electo\u00bb<\/strong> del condado de Lewis por los lectores del Daily Chronicle.<\/p>\n<p>En 2019, Peter recibi\u00f3 el <strong>\u00abPremio al Liderazgo en Desarrollo Econ\u00f3mico\u00bb<\/strong> del Consejo de Desarrollo Econ\u00f3mico del Condado de Lewis, recibi\u00f3 el <strong>\u00abPremio a los Derechos Humanos\u00bb<\/strong> de la organizaci\u00f3n Church Women United.<\/p>\n<p>En 2020, Peter tuvo el honor de ser nombrado <strong>\u00abPersona del A\u00f1o\u00bb<\/strong> por el consejo editorial del Daily Chronicle y fue elegido miembro de la C\u00e1mara de Representantes del Estado de Washington, obteniendo el 71% de los votos en el 20\u00ba distrito legislativo.<\/p>\n<p>En 2021, Peter recibi\u00f3 el premio <strong>\u00abLegislador del A\u00f1o\u00bb<\/strong> del Distrito 3 de la Asociaci\u00f3n de Educadores Agr\u00edcolas de Washington. Y obtuvo el galard\u00f3n de <strong>\u00abAmigo del Farm Bureau\u00bb<\/strong> de 2022-2025 por su defensa de la agricultura y de la comunidad agr\u00edcola.<\/p>\n<p>En 2025, la Junta de Obras P\u00fablicas concedi\u00f3 a Peter <strong> el \u00abPremio al Campe\u00f3n de las Infraestructuras\u00bb<\/strong> por su trabajo en el Presupuesto de Capital y su defensa de las infraestructuras. Peter ayud\u00f3 a crear el programa CHIPS (Connecting Housing Infrastructure Program) en el Presupuesto de Capital para construir y mejorar las infraestructuras en las comunidades rurales con el fin de conectar con la vivienda y el desarrollo econ\u00f3mico en comunidades rurales dif\u00edciles de construir. <\/p>\n<p>Peter se licenci\u00f3 en Ciencias Pol\u00edticas por la Universidad Estatal de Nueva York en Fredonia en 1997; se doctor\u00f3 en Derecho por la Facultad de Derecho de Vermont en 2008; y obtuvo un M\u00e1ster en Derecho Fiscal por la Universidad de Washington en 2009.<\/p>\n<p>En 2010, Peter se incorpor\u00f3 a Olson Althauser Samuelson &amp; Rayan, LLP, actualmente conocida como Althauser Rayan Abbarno, LLP. Se convirti\u00f3 en socio en 2013. En la actualidad, Althauser Rayan Abbarno tiene oficinas en Centralia y Olympia.  <\/p>\n<p>Peter practica muchas \u00e1reas del derecho a lo largo de su carrera; incluyendo Planificaci\u00f3n Patrimonial, Derecho Mercantil\/Corporativo, Derecho de Familia, Procesal Penal, Indemnizaci\u00f3n Laboral, as\u00ed como Lesiones Personales.<\/p>\n<p>Peter tambi\u00e9n se ofrece como voluntario para ayudar a v\u00edctimas de violencia dom\u00e9stica y agresiones, organizaciones sin \u00e1nimo de lucro y nuevos empresarios en la creaci\u00f3n y planificaci\u00f3n de empresas.<\/p>\n<p>Peter es miembro del consejo y ex presidente de la Fundaci\u00f3n Universitaria de Centralia, ex presidente del Colegio de Abogados del Condado de Lewis y ex presidente del Colegio de Abogados de Ayuda Jur\u00eddica del Condado de Lewis, presentador del programa \u00abHablemos de ello\u00bb de AM1470 KELA, voluntario de WATCH D.O.G.S. (Dads of Great Students) en Centralia, del Programa de Becas Miss Lewis County, de United Way del Condado de Lewis y de la Misi\u00f3n Hub City, y tambi\u00e9n ha sido Mentor en el Instituto WF West de Chehalis y Mentor del Equipo de Juicios Simulados del Instituto Morton.<\/p>\n<p>La familia Abbarno asiste a la Iglesia Bethel de Chehalis y participa activamente en su iglesia y en la Misi\u00f3n Hub City. Peter y su esposa Holly han entrenado a muchos equipos deportivos locales y empezaron y siguen ayudando a coordinar la Colecta de Suministros Escolares de Centralia para apoyar a las familias y a los estudiantes del Distrito Escolar de Centralia. <\/p>\n<p>[\/et_pb_text][\/et_pb_column][\/et_pb_row][\/et_pb_section]<\/p>\n","protected":false},"excerpt":{"rendered":"<p>Sobre Peter Peter Abbarno es propietario de una peque\u00f1a empresa y abogado de Althauser Rayan Abbarno, LLP, representante del distrito legislativo 20 del estado de Washington; pero lo m\u00e1s importante es que Peter es marido y padre. Peter vive en Centralia con su esposa Holly (Hawes), profesora de matem\u00e1ticas en la Escuela Media de Centralia, [&hellip;]<\/p>\n","protected":false},"author":2,"featured_media":4651,"parent":0,"menu_order":0,"comment_status":"closed","ping_status":"closed","template":"","meta":{"_et_pb_use_builder":"on","_et_pb_old_content":"","_et_gb_content_width":"","footnotes":""},"class_list":["post-4809","page","type-page","status-publish","has-post-thumbnail","hentry"],"_links":{"self":[{"href":"https:\/\/electpeterabbarno.com\/es\/wp-json\/wp\/v2\/pages\/4809","targetHints":{"allow":["GET"]}}],"collection":[{"href":"https:\/\/electpeterabbarno.com\/es\/wp-json\/wp\/v2\/pages"}],"about":[{"href":"https:\/\/electpeterabbarno.com\/es\/wp-json\/wp\/v2\/types\/page"}],"author":[{"embeddable":true,"href":"https:\/\/electpeterabbarno.com\/es\/wp-json\/wp\/v2\/users\/2"}],"replies":[{"embeddable":true,"href":"https:\/\/electpeterabbarno.com\/es\/wp-json\/wp\/v2\/comments?post=4809"}],"version-history":[{"count":8,"href":"https:\/\/electpeterabbarno.com\/es\/wp-json\/wp\/v2\/pages\/4809\/revisions"}],"predecessor-version":[{"id":6008,"href":"https:\/\/electpeterabbarno.com\/es\/wp-json\/wp\/v2\/pages\/4809\/revisions\/6008"}],"wp:featuredmedia":[{"embeddable":true,"href":"https:\/\/electpeterabbarno.com\/es\/wp-json\/wp\/v2\/media\/4651"}],"wp:attachment":[{"href":"https:\/\/electpeterabbarno.com\/es\/wp-json\/wp\/v2\/media?parent=4809"}],"curies":[{"name":"wp","href":"https:\/\/api.w.org\/{rel}","templated":true}]}}